{"id":1300,"date":"2019-03-06T17:47:46","date_gmt":"2019-03-06T17:47:46","guid":{"rendered":"http:\/\/saprem.com\/company\/quality-department\/"},"modified":"2024-11-20T17:41:41","modified_gmt":"2024-11-20T15:41:41","slug":"quality-department","status":"publish","type":"page","link":"https:\/\/saprem.com\/en\/company\/quality-department\/","title":{"rendered":"QUALITY, ENVIRONMENT AND HEALTH AND SAFETY DEPARTMENT"},"content":{"rendered":"<div class=\"fusion-fullwidth fullwidth-box fusion-builder-row-1 nonhundred-percent-fullwidth non-hundred-percent-height-scrolling\" style=\"--awb-border-radius-top-left:0px;--awb-border-radius-top-right:0px;--awb-border-radius-bottom-right:0px;--awb-border-radius-bottom-left:0px;--awb-padding-top:0px;--awb-margin-top:0px;--awb-flex-wrap:wrap;\" ><div class=\"fusion-builder-row fusion-row\"><div class=\"fusion-layout-column fusion_builder_column fusion-builder-column-0 fusion_builder_column_1_1 1_1 fusion-one-full fusion-column-first fusion-column-last\" style=\"--awb-bg-size:cover;--awb-margin-bottom:0px;\"><div class=\"fusion-column-wrapper fusion-flex-column-wrapper-legacy\"><div class=\"fusion-sep-clear\"><\/div><div class=\"fusion-separator fusion-full-width-sep\" style=\"margin-left: auto;margin-right: auto;margin-top:10px;margin-bottom:20px;width:100%;\"><div class=\"fusion-separator-border sep-single sep-solid\" style=\"--awb-height:20px;--awb-amount:20px;--awb-sep-color:#a4a4a5;border-color:#a4a4a5;border-top-width:1px;\"><\/div><\/div><div class=\"fusion-sep-clear\"><\/div><div class=\"fusion-image-element in-legacy-container\" style=\"--awb-caption-title-font-family:var(--h2_typography-font-family);--awb-caption-title-font-weight:var(--h2_typography-font-weight);--awb-caption-title-font-style:var(--h2_typography-font-style);--awb-caption-title-size:var(--h2_typography-font-size);--awb-caption-title-transform:var(--h2_typography-text-transform);--awb-caption-title-line-height:var(--h2_typography-line-height);--awb-caption-title-letter-spacing:var(--h2_typography-letter-spacing);\"><span class=\" fusion-imageframe imageframe-none imageframe-1 hover-type-none\"><img decoding=\"async\" width=\"1200\" height=\"300\" title=\"bannercalidadsaprem\" src=\"http:\/\/saprem.com\/wp-content\/uploads\/2018\/12\/bannercalidadsaprem.jpg\" alt class=\"img-responsive wp-image-1296\" srcset=\"https:\/\/saprem.com\/wp-content\/uploads\/2018\/12\/bannercalidadsaprem-200x50.jpg 200w, https:\/\/saprem.com\/wp-content\/uploads\/2018\/12\/bannercalidadsaprem-400x100.jpg 400w, https:\/\/saprem.com\/wp-content\/uploads\/2018\/12\/bannercalidadsaprem-600x150.jpg 600w, https:\/\/saprem.com\/wp-content\/uploads\/2018\/12\/bannercalidadsaprem-800x200.jpg 800w, https:\/\/saprem.com\/wp-content\/uploads\/2018\/12\/bannercalidadsaprem.jpg 1200w\" sizes=\"(max-width: 800px) 100vw, 1200px\" \/><\/span><\/div><div class=\"fusion-sep-clear\"><\/div><div class=\"fusion-separator fusion-full-width-sep\" style=\"margin-left: auto;margin-right: auto;margin-top:20px;width:100%;\"><\/div><div class=\"fusion-sep-clear\"><\/div><div class=\"fusion-text fusion-text-1\"><p style=\"text-align: justify;\"><strong>SAPREM<\/strong> has developed a system of quality, based on the regulation ISO-9001, which covers all the departments of the company: Comercial, Dpto. de Administraci\u00f3n, Dpto. t\u00e9cnico, Fabricaci\u00f3n, Dpto. de Calidad. Thus obtaining this certificate by the certifying company LLOYD\u00b4S REGISTER QUALITY ASSURANCE LTD in March of the year 1.995.<\/p>\n<\/div><div class=\"fusion-clearfix\"><\/div><\/div><\/div><div class=\"fusion-layout-column fusion_builder_column fusion-builder-column-1 fusion_builder_column_1_3 1_3 fusion-one-third fusion-column-first\" style=\"--awb-bg-size:cover;width:30.6666%; margin-right: 4%;\"><div class=\"fusion-column-wrapper fusion-flex-column-wrapper-legacy\"><div class=\"fusion-image-element in-legacy-container\" style=\"--awb-caption-title-font-family:var(--h2_typography-font-family);--awb-caption-title-font-weight:var(--h2_typography-font-weight);--awb-caption-title-font-style:var(--h2_typography-font-style);--awb-caption-title-size:var(--h2_typography-font-size);--awb-caption-title-transform:var(--h2_typography-text-transform);--awb-caption-title-line-height:var(--h2_typography-line-height);--awb-caption-title-letter-spacing:var(--h2_typography-letter-spacing);\"><span class=\" fusion-imageframe imageframe-none imageframe-2 hover-type-none fusion-animated\" style=\"border:1px solid #f6f6f6;\" data-animationType=\"fadeInRight\" data-animationDuration=\"0.3\" data-animationOffset=\"top-into-view\"><img decoding=\"async\" width=\"621\" height=\"882\" title=\"Calidad_ENG_sept2021\" src=\"http:\/\/saprem.com\/wp-content\/uploads\/2021\/09\/Calidad_ENG_sept2021.jpg\" alt class=\"img-responsive wp-image-2290\" srcset=\"https:\/\/saprem.com\/wp-content\/uploads\/2021\/09\/Calidad_ENG_sept2021-200x284.jpg 200w, https:\/\/saprem.com\/wp-content\/uploads\/2021\/09\/Calidad_ENG_sept2021-400x568.jpg 400w, https:\/\/saprem.com\/wp-content\/uploads\/2021\/09\/Calidad_ENG_sept2021-600x852.jpg 600w, https:\/\/saprem.com\/wp-content\/uploads\/2021\/09\/Calidad_ENG_sept2021.jpg 621w\" sizes=\"(max-width: 800px) 100vw, 621px\" \/><\/span><\/div><div class=\"fusion-clearfix\"><\/div><\/div><\/div><div class=\"fusion-layout-column fusion_builder_column fusion-builder-column-2 fusion_builder_column_1_3 1_3 fusion-one-third\" style=\"--awb-bg-size:cover;width:30.6666%; margin-right: 4%;\"><div class=\"fusion-column-wrapper fusion-flex-column-wrapper-legacy\"><div class=\"fusion-text fusion-text-2\"><p><strong>SAPREM<\/strong> has developed systems of quality, environment and health and safety based on the regulations ISO-9001, ISO-14001 and ISO 45001 which cover all the departments of the company: Commercial, Administration, Technical, Manufacturing, Quality, Environment and Health and Safety. Thus obtaining these certificates by the certifying company LRQA in March of the year 1.995 and July 2024, respectivily<\/p>\n<\/div><div class=\"fusion-sep-clear\"><\/div><div class=\"fusion-separator fusion-full-width-sep\" style=\"margin-left: auto;margin-right: auto;margin-top:10px;margin-bottom:10px;width:100%;\"><\/div><div class=\"fusion-sep-clear\"><\/div><div class=\"fusion-button-wrapper fusion-aligncenter\"><a class=\"fusion-button button-flat fusion-button-default-size button-custom fusion-button-default button-1 fusion-button-default-span fusion-button-default-type\" style=\"--button_accent_color:#ffffff;--button_accent_hover_color:#ffffff;--button_border_hover_color:#ffffff;--button_gradient_top_color:#a4a4a5;--button_gradient_bottom_color:#a4a4a5;--button_gradient_top_color_hover:rgba(164,164,165,0.79);--button_gradient_bottom_color_hover:rgba(164,164,165,0.79);\" target=\"_blank\" rel=\"noopener noreferrer\" href=\"https:\/\/saprem.com\/wp-content\/uploads\/2024\/11\/CERT_ISO_ENG_TODOS.pdf\"><span class=\"fusion-button-text awb-button__text awb-button__text--default\">SEE QUALITY, ENVIRONMENT AND HEALTH AND SAFETY CERTIFICATES<\/span><\/a><\/div><div class=\"fusion-sep-clear\"><\/div><div class=\"fusion-separator fusion-full-width-sep\" style=\"margin-left: auto;margin-right: auto;margin-top:10px;margin-bottom:10px;width:100%;\"><\/div><div class=\"fusion-sep-clear\"><\/div><div class=\"fusion-button-wrapper fusion-aligncenter\"><a class=\"fusion-button button-flat fusion-button-default-size button-custom fusion-button-default button-2 fusion-button-default-span fusion-button-default-type\" style=\"--button_accent_color:#ffffff;--button_accent_hover_color:#ffffff;--button_border_hover_color:#ffffff;--button_gradient_top_color:#a4a4a5;--button_gradient_bottom_color:#a4a4a5;--button_gradient_top_color_hover:rgba(164,164,165,0.79);--button_gradient_bottom_color_hover:rgba(164,164,165,0.79);\" target=\"_blank\" rel=\"noopener noreferrer\" href=\"https:\/\/saprem.com\/wp-content\/uploads\/2024\/05\/ANEXO_II_POLITICA_eng.pdf\"><span class=\"fusion-button-text awb-button__text awb-button__text--default\">SEE QUALITY, ENVIRONMENT AND HEALTH AND SAFETY POLICIES<\/span><\/a><\/div><div class=\"fusion-clearfix\"><\/div><\/div><\/div><div class=\"fusion-layout-column fusion_builder_column fusion-builder-column-3 fusion_builder_column_1_3 1_3 fusion-one-third fusion-column-last\" style=\"--awb-bg-size:cover;width:30.6666%;\"><div class=\"fusion-column-wrapper fusion-flex-column-wrapper-legacy\"><div class=\"fusion-image-element in-legacy-container\" style=\"--awb-caption-title-font-family:var(--h2_typography-font-family);--awb-caption-title-font-weight:var(--h2_typography-font-weight);--awb-caption-title-font-style:var(--h2_typography-font-style);--awb-caption-title-size:var(--h2_typography-font-size);--awb-caption-title-transform:var(--h2_typography-text-transform);--awb-caption-title-line-height:var(--h2_typography-line-height);--awb-caption-title-letter-spacing:var(--h2_typography-letter-spacing);\"><span class=\" fusion-imageframe imageframe-none imageframe-3 hover-type-none fusion-animated\" data-animationType=\"fadeInRight\" data-animationDuration=\"0.5\" data-animationOffset=\"top-into-view\"><img decoding=\"async\" width=\"610\" height=\"615\" title=\"calidad_saprem\" src=\"http:\/\/saprem.com\/wp-content\/uploads\/2018\/12\/calidad_saprem.png\" alt class=\"img-responsive wp-image-1303\" srcset=\"https:\/\/saprem.com\/wp-content\/uploads\/2018\/12\/calidad_saprem-200x202.png 200w, https:\/\/saprem.com\/wp-content\/uploads\/2018\/12\/calidad_saprem-400x403.png 400w, https:\/\/saprem.com\/wp-content\/uploads\/2018\/12\/calidad_saprem-600x605.png 600w, https:\/\/saprem.com\/wp-content\/uploads\/2018\/12\/calidad_saprem.png 610w\" sizes=\"(max-width: 800px) 100vw, 400px\" \/><\/span><\/div><div class=\"fusion-clearfix\"><\/div><\/div><\/div><div class=\"fusion-layout-column fusion_builder_column fusion-builder-column-4 fusion_builder_column_1_1 1_1 fusion-one-full fusion-column-first fusion-column-last\" style=\"--awb-bg-size:cover;--awb-margin-top:200px;--awb-margin-bottom:0px;\"><div class=\"fusion-column-wrapper fusion-flex-column-wrapper-legacy\"><div class=\"fusion-sep-clear\"><\/div><div class=\"fusion-separator fusion-full-width-sep\" style=\"margin-left: auto;margin-right: auto;margin-top:10px;margin-bottom:20px;width:100%;\"><div class=\"fusion-separator-border sep-single sep-solid\" style=\"--awb-height:20px;--awb-amount:20px;--awb-sep-color:#004287;border-color:#004287;border-top-width:1px;\"><\/div><\/div><div class=\"fusion-sep-clear\"><\/div><div class=\"fusion-clearfix\"><\/div><\/div><\/div><div class=\"fusion-layout-column fusion_builder_column fusion-builder-column-5 fusion_builder_column_1_6 1_6 fusion-one-sixth fusion-column-first\" style=\"--awb-bg-size:cover;--awb-margin-bottom:0px;width:13.3333%; margin-right: 4%;\"><div class=\"fusion-column-wrapper fusion-flex-column-wrapper-legacy\"><div class=\"fusion-clearfix\"><\/div><\/div><\/div><div class=\"fusion-layout-column fusion_builder_column fusion-builder-column-6 fusion_builder_column_1_3 1_3 fusion-one-third\" style=\"--awb-bg-size:cover;--awb-margin-bottom:0px;width:30.6666%; margin-right: 4%;\"><div class=\"fusion-column-wrapper fusion-flex-column-wrapper-legacy\"><div class=\"fusion-button-wrapper fusion-aligncenter\"><a class=\"fusion-button button-flat fusion-button-default-size button-default fusion-button-default button-3 fusion-button-default-span fusion-button-default-type\" target=\"_self\" href=\"https:\/\/saprem.com\/en\/company\/\"><span class=\"fusion-button-text awb-button__text awb-button__text--default\">COMPANY<\/span><\/a><\/div><div class=\"fusion-clearfix\"><\/div><\/div><\/div><div class=\"fusion-layout-column fusion_builder_column fusion-builder-column-7 fusion_builder_column_1_3 1_3 fusion-one-third\" style=\"--awb-bg-size:cover;--awb-margin-bottom:0px;width:30.6666%; margin-right: 4%;\"><div class=\"fusion-column-wrapper fusion-flex-column-wrapper-legacy\"><div class=\"fusion-button-wrapper fusion-aligncenter\"><a class=\"fusion-button button-flat fusion-button-default-size button-default fusion-button-default button-4 fusion-button-default-span fusion-button-default-type\" target=\"_self\" href=\"https:\/\/saprem.com\/en\/company\/technical-department\/\"><span class=\"fusion-button-text awb-button__text awb-button__text--default\">TECHNICAL DEPARMENT<\/span><\/a><\/div><div class=\"fusion-clearfix\"><\/div><\/div><\/div><div class=\"fusion-layout-column fusion_builder_column fusion-builder-column-8 fusion_builder_column_1_6 1_6 fusion-one-sixth fusion-column-last\" style=\"--awb-bg-size:cover;--awb-margin-bottom:0px;width:13.3333%;\"><div class=\"fusion-column-wrapper fusion-flex-column-wrapper-legacy\"><div class=\"fusion-clearfix\"><\/div><\/div><\/div><\/div><\/div>\n","protected":false},"excerpt":{"rendered":"","protected":false},"author":1,"featured_media":0,"parent":1294,"menu_order":1,"comment_status":"closed","ping_status":"closed","template":"","meta":{"footnotes":""},"class_list":["post-1300","page","type-page","status-publish","hentry"],"yoast_head":"<!-- This site is optimized with the Yoast SEO plugin v27.5 - https:\/\/yoast.com\/product\/yoast-seo-wordpress\/ -->\n<title>Quaility departmente | SAPREM<\/title>\n<meta name=\"robots\" content=\"index, follow, max-snippet:-1, max-image-preview:large, max-video-preview:-1\" \/>\n<link rel=\"canonical\" href=\"https:\/\/saprem.com\/en\/company\/quality-department\/\" \/>\n<meta property=\"og:locale\" content=\"en_US\" \/>\n<meta property=\"og:type\" content=\"article\" \/>\n<meta property=\"og:title\" content=\"Quaility departmente | SAPREM\" \/>\n<meta property=\"og:url\" content=\"https:\/\/saprem.com\/en\/company\/quality-department\/\" \/>\n<meta property=\"og:site_name\" content=\"Saprem\" \/>\n<meta property=\"article:modified_time\" content=\"2024-11-20T15:41:41+00:00\" \/>\n<meta name=\"twitter:card\" content=\"summary_large_image\" \/>\n<meta name=\"twitter:label1\" content=\"Est. reading time\" \/>\n\t<meta name=\"twitter:data1\" content=\"11 minutes\" \/>\n<script type=\"application\/ld+json\" class=\"yoast-schema-graph\">{\"@context\":\"https:\\\/\\\/schema.org\",\"@graph\":[{\"@type\":\"WebPage\",\"@id\":\"https:\\\/\\\/saprem.com\\\/en\\\/company\\\/quality-department\\\/\",\"url\":\"https:\\\/\\\/saprem.com\\\/en\\\/company\\\/quality-department\\\/\",\"name\":\"Quaility departmente | SAPREM\",\"isPartOf\":{\"@id\":\"https:\\\/\\\/saprem.com\\\/en\\\/#website\"},\"datePublished\":\"2019-03-06T17:47:46+00:00\",\"dateModified\":\"2024-11-20T15:41:41+00:00\",\"breadcrumb\":{\"@id\":\"https:\\\/\\\/saprem.com\\\/en\\\/company\\\/quality-department\\\/#breadcrumb\"},\"inLanguage\":\"en-US\",\"potentialAction\":[{\"@type\":\"ReadAction\",\"target\":[\"https:\\\/\\\/saprem.com\\\/en\\\/company\\\/quality-department\\\/\"]}]},{\"@type\":\"BreadcrumbList\",\"@id\":\"https:\\\/\\\/saprem.com\\\/en\\\/company\\\/quality-department\\\/#breadcrumb\",\"itemListElement\":[{\"@type\":\"ListItem\",\"position\":1,\"name\":\"Portada\",\"item\":\"https:\\\/\\\/saprem.com\\\/en\\\/\"},{\"@type\":\"ListItem\",\"position\":2,\"name\":\"COMPANY\",\"item\":\"https:\\\/\\\/saprem.com\\\/en\\\/company\\\/\"},{\"@type\":\"ListItem\",\"position\":3,\"name\":\"QUALITY, ENVIRONMENT AND HEALTH AND SAFETY DEPARTMENT\"}]},{\"@type\":\"WebSite\",\"@id\":\"https:\\\/\\\/saprem.com\\\/en\\\/#website\",\"url\":\"https:\\\/\\\/saprem.com\\\/en\\\/\",\"name\":\"Saprem\",\"description\":\"S.A. de Preformados Met\u00e1licos\",\"potentialAction\":[{\"@type\":\"SearchAction\",\"target\":{\"@type\":\"EntryPoint\",\"urlTemplate\":\"https:\\\/\\\/saprem.com\\\/en\\\/?s={search_term_string}\"},\"query-input\":{\"@type\":\"PropertyValueSpecification\",\"valueRequired\":true,\"valueName\":\"search_term_string\"}}],\"inLanguage\":\"en-US\"}]}<\/script>\n<!-- \/ Yoast SEO plugin. -->","yoast_head_json":{"title":"Quaility departmente | SAPREM","robots":{"index":"index","follow":"follow","max-snippet":"max-snippet:-1","max-image-preview":"max-image-preview:large","max-video-preview":"max-video-preview:-1"},"canonical":"https:\/\/saprem.com\/en\/company\/quality-department\/","og_locale":"en_US","og_type":"article","og_title":"Quaility departmente | SAPREM","og_url":"https:\/\/saprem.com\/en\/company\/quality-department\/","og_site_name":"Saprem","article_modified_time":"2024-11-20T15:41:41+00:00","twitter_card":"summary_large_image","twitter_misc":{"Est. reading time":"11 minutes"},"schema":{"@context":"https:\/\/schema.org","@graph":[{"@type":"WebPage","@id":"https:\/\/saprem.com\/en\/company\/quality-department\/","url":"https:\/\/saprem.com\/en\/company\/quality-department\/","name":"Quaility departmente | SAPREM","isPartOf":{"@id":"https:\/\/saprem.com\/en\/#website"},"datePublished":"2019-03-06T17:47:46+00:00","dateModified":"2024-11-20T15:41:41+00:00","breadcrumb":{"@id":"https:\/\/saprem.com\/en\/company\/quality-department\/#breadcrumb"},"inLanguage":"en-US","potentialAction":[{"@type":"ReadAction","target":["https:\/\/saprem.com\/en\/company\/quality-department\/"]}]},{"@type":"BreadcrumbList","@id":"https:\/\/saprem.com\/en\/company\/quality-department\/#breadcrumb","itemListElement":[{"@type":"ListItem","position":1,"name":"Portada","item":"https:\/\/saprem.com\/en\/"},{"@type":"ListItem","position":2,"name":"COMPANY","item":"https:\/\/saprem.com\/en\/company\/"},{"@type":"ListItem","position":3,"name":"QUALITY, ENVIRONMENT AND HEALTH AND SAFETY DEPARTMENT"}]},{"@type":"WebSite","@id":"https:\/\/saprem.com\/en\/#website","url":"https:\/\/saprem.com\/en\/","name":"Saprem","description":"S.A. de Preformados Met\u00e1licos","potentialAction":[{"@type":"SearchAction","target":{"@type":"EntryPoint","urlTemplate":"https:\/\/saprem.com\/en\/?s={search_term_string}"},"query-input":{"@type":"PropertyValueSpecification","valueRequired":true,"valueName":"search_term_string"}}],"inLanguage":"en-US"}]}},"_links":{"self":[{"href":"https:\/\/saprem.com\/en\/wp-json\/wp\/v2\/pages\/1300","targetHints":{"allow":["GET"]}}],"collection":[{"href":"https:\/\/saprem.com\/en\/wp-json\/wp\/v2\/pages"}],"about":[{"href":"https:\/\/saprem.com\/en\/wp-json\/wp\/v2\/types\/page"}],"author":[{"embeddable":true,"href":"https:\/\/saprem.com\/en\/wp-json\/wp\/v2\/users\/1"}],"replies":[{"embeddable":true,"href":"https:\/\/saprem.com\/en\/wp-json\/wp\/v2\/comments?post=1300"}],"version-history":[{"count":3,"href":"https:\/\/saprem.com\/en\/wp-json\/wp\/v2\/pages\/1300\/revisions"}],"predecessor-version":[{"id":2744,"href":"https:\/\/saprem.com\/en\/wp-json\/wp\/v2\/pages\/1300\/revisions\/2744"}],"up":[{"embeddable":true,"href":"https:\/\/saprem.com\/en\/wp-json\/wp\/v2\/pages\/1294"}],"wp:attachment":[{"href":"https:\/\/saprem.com\/en\/wp-json\/wp\/v2\/media?parent=1300"}],"curies":[{"name":"wp","href":"https:\/\/api.w.org\/{rel}","templated":true}]}}